{"id":267,"date":"2022-11-24T03:06:12","date_gmt":"2022-11-24T03:06:12","guid":{"rendered":"http:\/\/packwind.com.br\/?page_id=267"},"modified":"2023-02-27T20:26:06","modified_gmt":"2023-02-27T20:26:06","slug":"blog","status":"publish","type":"page","link":"https:\/\/packwind.com.br\/index.php\/blog\/","title":{"rendered":"Blog"},"content":{"rendered":"\t\t<div data-elementor-type=\"wp-page\" data-elementor-id=\"267\" class=\"elementor elementor-267\">\n\t\t\t\t\t\t\t\t\t<section class=\"elementor-section elementor-top-section elementor-element elementor-element-565ab4d elementor-section-boxed elementor-section-height-default elementor-section-height-default\" data-id=\"565ab4d\" data-element_type=\"section\" data-settings=\"{&quot;background_background&quot;:&quot;classic&quot;}\">\n\t\t\t\t\t\t<div class=\"elementor-container elementor-column-gap-default\">\n\t\t\t\t\t<div class=\"elementor-column elementor-col-100 elementor-top-column elementor-element elementor-element-eac169e\" data-id=\"eac169e\" data-element_type=\"column\">\n\t\t\t<div class=\"elementor-widget-wrap elementor-element-populated\">\n\t\t\t\t\t\t\t\t<div class=\"elementor-element elementor-element-6b0c85a elementor-widget elementor-widget-heading\" data-id=\"6b0c85a\" data-element_type=\"widget\" data-widget_type=\"heading.default\">\n\t\t\t\t<div class=\"elementor-widget-container\">\n\t\t\t<style>\/*! elementor - v3.8.1 - 13-11-2022 *\/\n.elementor-heading-title{padding:0;margin:0;line-height:1}.elementor-widget-heading .elementor-heading-title[class*=elementor-size-]>a{color:inherit;font-size:inherit;line-height:inherit}.elementor-widget-heading .elementor-heading-title.elementor-size-small{font-size:15px}.elementor-widget-heading .elementor-heading-title.elementor-size-medium{font-size:19px}.elementor-widget-heading .elementor-heading-title.elementor-size-large{font-size:29px}.elementor-widget-heading .elementor-heading-title.elementor-size-xl{font-size:39px}.elementor-widget-heading .elementor-heading-title.elementor-size-xxl{font-size:59px}<\/style><h2 class=\"elementor-heading-title elementor-size-default\">Blog<\/h2>\t\t<\/div>\n\t\t\t\t<\/div>\n\t\t\t\t\t<\/div>\n\t\t<\/div>\n\t\t\t\t\t\t\t<\/div>\n\t\t<\/section>\n\t\t\t\t<section class=\"elementor-section elementor-top-section elementor-element elementor-element-18dac892 elementor-section-boxed elementor-section-height-default elementor-section-height-default\" data-id=\"18dac892\" data-element_type=\"section\">\n\t\t\t\t\t\t<div class=\"elementor-container elementor-column-gap-default\">\n\t\t\t\t\t<div class=\"elementor-column elementor-col-100 elementor-top-column elementor-element elementor-element-4786f9c\" data-id=\"4786f9c\" data-element_type=\"column\">\n\t\t\t<div class=\"elementor-widget-wrap elementor-element-populated\">\n\t\t\t\t\t\t\t\t<div class=\"elementor-element elementor-element-74bcd26 elementor-grid-3 elementor-grid-tablet-2 elementor-grid-mobile-1 elementor-posts--thumbnail-top elementor-posts--show-avatar elementor-card-shadow-yes elementor-posts__hover-gradient elementor-widget elementor-widget-posts\" data-id=\"74bcd26\" data-element_type=\"widget\" data-settings=\"{&quot;cards_columns&quot;:&quot;3&quot;,&quot;cards_columns_tablet&quot;:&quot;2&quot;,&quot;cards_columns_mobile&quot;:&quot;1&quot;,&quot;cards_row_gap&quot;:{&quot;unit&quot;:&quot;px&quot;,&quot;size&quot;:35,&quot;sizes&quot;:[]},&quot;cards_row_gap_tablet&quot;:{&quot;unit&quot;:&quot;px&quot;,&quot;size&quot;:&quot;&quot;,&quot;sizes&quot;:[]},&quot;cards_row_gap_mobile&quot;:{&quot;unit&quot;:&quot;px&quot;,&quot;size&quot;:&quot;&quot;,&quot;sizes&quot;:[]}}\" data-widget_type=\"posts.cards\">\n\t\t\t\t<div class=\"elementor-widget-container\">\n\t\t\t<link rel=\"stylesheet\" href=\"https:\/\/packwind.com.br\/wp-content\/plugins\/elementor-pro\/assets\/css\/widget-posts.min.css\">\t\t<div class=\"elementor-posts-container elementor-posts elementor-posts--skin-cards elementor-grid\">\n\t\t\t\t<article class=\"elementor-post elementor-grid-item post-500 post type-post status-publish format-standard has-post-thumbnail hentry category-financiamento-de-energia-renovavel\">\n\t\t\t<div class=\"elementor-post__card\">\n\t\t\t\t<a class=\"elementor-post__thumbnail__link\" href=\"https:\/\/packwind.com.br\/index.php\/2023\/02\/27\/estruturacao-financeira-de-projetos-de-energia-renovavel\/\" ><div class=\"elementor-post__thumbnail\"><img loading=\"lazy\" decoding=\"async\" width=\"800\" height=\"800\" src=\"https:\/\/packwind.com.br\/wp-content\/uploads\/2023\/02\/Texto-6-15-02-2023-1024x1024.jpg\" class=\"attachment-large size-large\" alt=\"\" srcset=\"https:\/\/packwind.com.br\/wp-content\/uploads\/2023\/02\/Texto-6-15-02-2023-1024x1024.jpg 1024w, https:\/\/packwind.com.br\/wp-content\/uploads\/2023\/02\/Texto-6-15-02-2023-300x300.jpg 300w, https:\/\/packwind.com.br\/wp-content\/uploads\/2023\/02\/Texto-6-15-02-2023-150x150.jpg 150w, https:\/\/packwind.com.br\/wp-content\/uploads\/2023\/02\/Texto-6-15-02-2023-768x768.jpg 768w, https:\/\/packwind.com.br\/wp-content\/uploads\/2023\/02\/Texto-6-15-02-2023-1536x1536.jpg 1536w, https:\/\/packwind.com.br\/wp-content\/uploads\/2023\/02\/Texto-6-15-02-2023-2048x2048.jpg 2048w\" sizes=\"auto, (max-width: 800px) 100vw, 800px\" \/><\/div><\/a>\n\t\t\t\t<div class=\"elementor-post__badge\">Financiamento de Energia Renov\u00e1vel<\/div>\n\t\t\t\t<div class=\"elementor-post__avatar\">\n\t\t\t<img alt='packwind' src='https:\/\/secure.gravatar.com\/avatar\/349cd49d30a9b452869da4bd804e815ba64815ba2f546a0ab4a2fe4c38406b83?s=128&#038;d=mm&#038;r=g' srcset='https:\/\/secure.gravatar.com\/avatar\/349cd49d30a9b452869da4bd804e815ba64815ba2f546a0ab4a2fe4c38406b83?s=256&#038;d=mm&#038;r=g 2x' class='avatar avatar-128 photo' height='128' width='128' \/>\t\t<\/div>\n\t\t\t\t<div class=\"elementor-post__text\">\n\t\t\t\t<h3 class=\"elementor-post__title\">\n\t\t\t<a href=\"https:\/\/packwind.com.br\/index.php\/2023\/02\/27\/estruturacao-financeira-de-projetos-de-energia-renovavel\/\" >\n\t\t\t\t<strong>Estrutura\u00e7\u00e3o financeira de projetos de energia renov\u00e1vel<\/strong>\t\t\t<\/a>\n\t\t<\/h3>\n\t\t\t\t<div class=\"elementor-post__excerpt\">\n\t\t\t<p>A Packwind Renewable Energy \u00e9 especialista na estrutura\u00e7\u00e3o financeira de projetos de energia renov\u00e1vel, uma habilidade altamente valorizada no mundo atual. Com a crescente demanda<\/p>\n\t\t<\/div>\n\t\t\n\t\t<a class=\"elementor-post__read-more\" href=\"https:\/\/packwind.com.br\/index.php\/2023\/02\/27\/estruturacao-financeira-de-projetos-de-energia-renovavel\/\" >\n\t\t\tContinue lendo \u00bb\t\t<\/a>\n\n\t\t\t\t<\/div>\n\t\t\t\t<div class=\"elementor-post__meta-data\">\n\t\t\t\t\t<span class=\"elementor-post-date\">\n\t\t\tfevereiro 27, 2023\t\t<\/span>\n\t\t\t\t<span class=\"elementor-post-avatar\">\n\t\t\tNenhum coment\u00e1rio\t\t<\/span>\n\t\t\t\t<\/div>\n\t\t\t\t\t<\/div>\n\t\t<\/article>\n\t\t\t\t<article class=\"elementor-post elementor-grid-item post-497 post type-post status-publish format-standard has-post-thumbnail hentry category-energia-renovavel\">\n\t\t\t<div class=\"elementor-post__card\">\n\t\t\t\t<a class=\"elementor-post__thumbnail__link\" href=\"https:\/\/packwind.com.br\/index.php\/2023\/02\/27\/a-importancia-da-tecnologia-para-o-avanco-da-energia-renovavel\/\" ><div class=\"elementor-post__thumbnail\"><img loading=\"lazy\" decoding=\"async\" width=\"683\" height=\"1024\" src=\"https:\/\/packwind.com.br\/wp-content\/uploads\/2023\/02\/Texto-5-15-02-2023-683x1024.jpg\" class=\"attachment-large size-large\" alt=\"\" srcset=\"https:\/\/packwind.com.br\/wp-content\/uploads\/2023\/02\/Texto-5-15-02-2023-683x1024.jpg 683w, https:\/\/packwind.com.br\/wp-content\/uploads\/2023\/02\/Texto-5-15-02-2023-200x300.jpg 200w, https:\/\/packwind.com.br\/wp-content\/uploads\/2023\/02\/Texto-5-15-02-2023-768x1152.jpg 768w, https:\/\/packwind.com.br\/wp-content\/uploads\/2023\/02\/Texto-5-15-02-2023-1024x1536.jpg 1024w, https:\/\/packwind.com.br\/wp-content\/uploads\/2023\/02\/Texto-5-15-02-2023-1365x2048.jpg 1365w, https:\/\/packwind.com.br\/wp-content\/uploads\/2023\/02\/Texto-5-15-02-2023-scaled.jpg 1707w\" sizes=\"auto, (max-width: 683px) 100vw, 683px\" \/><\/div><\/a>\n\t\t\t\t<div class=\"elementor-post__badge\">Energia Renov\u00e1vel<\/div>\n\t\t\t\t<div class=\"elementor-post__avatar\">\n\t\t\t<img alt='packwind' src='https:\/\/secure.gravatar.com\/avatar\/349cd49d30a9b452869da4bd804e815ba64815ba2f546a0ab4a2fe4c38406b83?s=128&#038;d=mm&#038;r=g' srcset='https:\/\/secure.gravatar.com\/avatar\/349cd49d30a9b452869da4bd804e815ba64815ba2f546a0ab4a2fe4c38406b83?s=256&#038;d=mm&#038;r=g 2x' class='avatar avatar-128 photo' height='128' width='128' \/>\t\t<\/div>\n\t\t\t\t<div class=\"elementor-post__text\">\n\t\t\t\t<h3 class=\"elementor-post__title\">\n\t\t\t<a href=\"https:\/\/packwind.com.br\/index.php\/2023\/02\/27\/a-importancia-da-tecnologia-para-o-avanco-da-energia-renovavel\/\" >\n\t\t\t\t<strong>A import\u00e2ncia da tecnologia para o avan\u00e7o da energia renov\u00e1vel<\/strong>\t\t\t<\/a>\n\t\t<\/h3>\n\t\t\t\t<div class=\"elementor-post__excerpt\">\n\t\t\t<p>A tecnologia tem sido uma for\u00e7a motriz para o avan\u00e7o das fontes de energia renov\u00e1vel nas \u00faltimas d\u00e9cadas. Com o aumento da conscientiza\u00e7\u00e3o sobre os<\/p>\n\t\t<\/div>\n\t\t\n\t\t<a class=\"elementor-post__read-more\" href=\"https:\/\/packwind.com.br\/index.php\/2023\/02\/27\/a-importancia-da-tecnologia-para-o-avanco-da-energia-renovavel\/\" >\n\t\t\tContinue lendo \u00bb\t\t<\/a>\n\n\t\t\t\t<\/div>\n\t\t\t\t<div class=\"elementor-post__meta-data\">\n\t\t\t\t\t<span class=\"elementor-post-date\">\n\t\t\tfevereiro 27, 2023\t\t<\/span>\n\t\t\t\t<span class=\"elementor-post-avatar\">\n\t\t\tNenhum coment\u00e1rio\t\t<\/span>\n\t\t\t\t<\/div>\n\t\t\t\t\t<\/div>\n\t\t<\/article>\n\t\t\t\t<article class=\"elementor-post elementor-grid-item post-493 post type-post status-publish format-standard has-post-thumbnail hentry category-armazenamento-de-energia\">\n\t\t\t<div class=\"elementor-post__card\">\n\t\t\t\t<a class=\"elementor-post__thumbnail__link\" href=\"https:\/\/packwind.com.br\/index.php\/2023\/02\/27\/a-necessidade-de-armazenamento-de-energia-com-o-avanco-da-geracao-solar-e-eolica\/\" ><div class=\"elementor-post__thumbnail\"><img loading=\"lazy\" decoding=\"async\" width=\"800\" height=\"400\" src=\"https:\/\/packwind.com.br\/wp-content\/uploads\/2023\/02\/Texto-4-15-02-2023-1024x512.jpg\" class=\"attachment-large size-large\" alt=\"\" srcset=\"https:\/\/packwind.com.br\/wp-content\/uploads\/2023\/02\/Texto-4-15-02-2023-1024x512.jpg 1024w, https:\/\/packwind.com.br\/wp-content\/uploads\/2023\/02\/Texto-4-15-02-2023-300x150.jpg 300w, https:\/\/packwind.com.br\/wp-content\/uploads\/2023\/02\/Texto-4-15-02-2023-768x384.jpg 768w, https:\/\/packwind.com.br\/wp-content\/uploads\/2023\/02\/Texto-4-15-02-2023-1536x768.jpg 1536w, https:\/\/packwind.com.br\/wp-content\/uploads\/2023\/02\/Texto-4-15-02-2023.jpg 1772w\" sizes=\"auto, (max-width: 800px) 100vw, 800px\" \/><\/div><\/a>\n\t\t\t\t<div class=\"elementor-post__badge\">Armazenamento de Energia<\/div>\n\t\t\t\t<div class=\"elementor-post__avatar\">\n\t\t\t<img alt='packwind' src='https:\/\/secure.gravatar.com\/avatar\/349cd49d30a9b452869da4bd804e815ba64815ba2f546a0ab4a2fe4c38406b83?s=128&#038;d=mm&#038;r=g' srcset='https:\/\/secure.gravatar.com\/avatar\/349cd49d30a9b452869da4bd804e815ba64815ba2f546a0ab4a2fe4c38406b83?s=256&#038;d=mm&#038;r=g 2x' class='avatar avatar-128 photo' height='128' width='128' \/>\t\t<\/div>\n\t\t\t\t<div class=\"elementor-post__text\">\n\t\t\t\t<h3 class=\"elementor-post__title\">\n\t\t\t<a href=\"https:\/\/packwind.com.br\/index.php\/2023\/02\/27\/a-necessidade-de-armazenamento-de-energia-com-o-avanco-da-geracao-solar-e-eolica\/\" >\n\t\t\t\t<strong>A necessidade de armazenamento de energia com o avan\u00e7o da gera\u00e7\u00e3o solar e e\u00f3lica<\/strong>\t\t\t<\/a>\n\t\t<\/h3>\n\t\t\t\t<div class=\"elementor-post__excerpt\">\n\t\t\t<p>Com o crescente desenvolvimento das fontes renov\u00e1veis de energia, como a solar e e\u00f3lica, surge a necessidade de armazenamento de energia para uso em momentos<\/p>\n\t\t<\/div>\n\t\t\n\t\t<a class=\"elementor-post__read-more\" href=\"https:\/\/packwind.com.br\/index.php\/2023\/02\/27\/a-necessidade-de-armazenamento-de-energia-com-o-avanco-da-geracao-solar-e-eolica\/\" >\n\t\t\tContinue lendo \u00bb\t\t<\/a>\n\n\t\t\t\t<\/div>\n\t\t\t\t<div class=\"elementor-post__meta-data\">\n\t\t\t\t\t<span class=\"elementor-post-date\">\n\t\t\tfevereiro 27, 2023\t\t<\/span>\n\t\t\t\t<span class=\"elementor-post-avatar\">\n\t\t\tNenhum coment\u00e1rio\t\t<\/span>\n\t\t\t\t<\/div>\n\t\t\t\t\t<\/div>\n\t\t<\/article>\n\t\t\t\t<article class=\"elementor-post elementor-grid-item post-485 post type-post status-publish format-standard has-post-thumbnail hentry category-energia-eolica\">\n\t\t\t<div class=\"elementor-post__card\">\n\t\t\t\t<a class=\"elementor-post__thumbnail__link\" href=\"https:\/\/packwind.com.br\/index.php\/2023\/02\/27\/a-energia-eolica-no-brasil\/\" ><div class=\"elementor-post__thumbnail\"><img loading=\"lazy\" decoding=\"async\" width=\"800\" height=\"504\" src=\"https:\/\/packwind.com.br\/wp-content\/uploads\/2023\/02\/Texto-3-15-02-2023-1024x645.jpg\" class=\"attachment-large size-large\" alt=\"\" srcset=\"https:\/\/packwind.com.br\/wp-content\/uploads\/2023\/02\/Texto-3-15-02-2023-1024x645.jpg 1024w, https:\/\/packwind.com.br\/wp-content\/uploads\/2023\/02\/Texto-3-15-02-2023-300x189.jpg 300w, https:\/\/packwind.com.br\/wp-content\/uploads\/2023\/02\/Texto-3-15-02-2023-768x484.jpg 768w, https:\/\/packwind.com.br\/wp-content\/uploads\/2023\/02\/Texto-3-15-02-2023-1536x968.jpg 1536w, https:\/\/packwind.com.br\/wp-content\/uploads\/2023\/02\/Texto-3-15-02-2023-2048x1291.jpg 2048w\" sizes=\"auto, (max-width: 800px) 100vw, 800px\" \/><\/div><\/a>\n\t\t\t\t<div class=\"elementor-post__badge\">Energia E\u00f3lica<\/div>\n\t\t\t\t<div class=\"elementor-post__avatar\">\n\t\t\t<img alt='packwind' src='https:\/\/secure.gravatar.com\/avatar\/349cd49d30a9b452869da4bd804e815ba64815ba2f546a0ab4a2fe4c38406b83?s=128&#038;d=mm&#038;r=g' srcset='https:\/\/secure.gravatar.com\/avatar\/349cd49d30a9b452869da4bd804e815ba64815ba2f546a0ab4a2fe4c38406b83?s=256&#038;d=mm&#038;r=g 2x' class='avatar avatar-128 photo' height='128' width='128' \/>\t\t<\/div>\n\t\t\t\t<div class=\"elementor-post__text\">\n\t\t\t\t<h3 class=\"elementor-post__title\">\n\t\t\t<a href=\"https:\/\/packwind.com.br\/index.php\/2023\/02\/27\/a-energia-eolica-no-brasil\/\" >\n\t\t\t\t<strong>A energia e\u00f3lica no Brasil<\/strong>\t\t\t<\/a>\n\t\t<\/h3>\n\t\t\t\t<div class=\"elementor-post__excerpt\">\n\t\t\t<p>A energia e\u00f3lica tem crescido em import\u00e2ncia no Brasil como uma fonte de energia renov\u00e1vel e sustent\u00e1vel. Com a quinta maior extens\u00e3o territorial do mundo,<\/p>\n\t\t<\/div>\n\t\t\n\t\t<a class=\"elementor-post__read-more\" href=\"https:\/\/packwind.com.br\/index.php\/2023\/02\/27\/a-energia-eolica-no-brasil\/\" >\n\t\t\tContinue lendo \u00bb\t\t<\/a>\n\n\t\t\t\t<\/div>\n\t\t\t\t<div class=\"elementor-post__meta-data\">\n\t\t\t\t\t<span class=\"elementor-post-date\">\n\t\t\tfevereiro 27, 2023\t\t<\/span>\n\t\t\t\t<span class=\"elementor-post-avatar\">\n\t\t\tNenhum coment\u00e1rio\t\t<\/span>\n\t\t\t\t<\/div>\n\t\t\t\t\t<\/div>\n\t\t<\/article>\n\t\t\t\t<article class=\"elementor-post elementor-grid-item post-468 post type-post status-publish format-standard has-post-thumbnail hentry category-energia-solar\">\n\t\t\t<div class=\"elementor-post__card\">\n\t\t\t\t<a class=\"elementor-post__thumbnail__link\" href=\"https:\/\/packwind.com.br\/index.php\/2023\/02\/27\/beneficios-da-energia-solar-para-a-sociedade\/\" ><div class=\"elementor-post__thumbnail\"><img loading=\"lazy\" decoding=\"async\" width=\"800\" height=\"533\" src=\"https:\/\/packwind.com.br\/wp-content\/uploads\/2023\/02\/Texto-2-15-02-2023-1024x682.jpg\" class=\"attachment-large size-large\" alt=\"\" srcset=\"https:\/\/packwind.com.br\/wp-content\/uploads\/2023\/02\/Texto-2-15-02-2023-1024x682.jpg 1024w, https:\/\/packwind.com.br\/wp-content\/uploads\/2023\/02\/Texto-2-15-02-2023-300x200.jpg 300w, https:\/\/packwind.com.br\/wp-content\/uploads\/2023\/02\/Texto-2-15-02-2023-768x512.jpg 768w, https:\/\/packwind.com.br\/wp-content\/uploads\/2023\/02\/Texto-2-15-02-2023-1536x1023.jpg 1536w, https:\/\/packwind.com.br\/wp-content\/uploads\/2023\/02\/Texto-2-15-02-2023-2048x1364.jpg 2048w\" sizes=\"auto, (max-width: 800px) 100vw, 800px\" \/><\/div><\/a>\n\t\t\t\t<div class=\"elementor-post__badge\">Energia Solar<\/div>\n\t\t\t\t<div class=\"elementor-post__avatar\">\n\t\t\t<img alt='packwind' src='https:\/\/secure.gravatar.com\/avatar\/349cd49d30a9b452869da4bd804e815ba64815ba2f546a0ab4a2fe4c38406b83?s=128&#038;d=mm&#038;r=g' srcset='https:\/\/secure.gravatar.com\/avatar\/349cd49d30a9b452869da4bd804e815ba64815ba2f546a0ab4a2fe4c38406b83?s=256&#038;d=mm&#038;r=g 2x' class='avatar avatar-128 photo' height='128' width='128' \/>\t\t<\/div>\n\t\t\t\t<div class=\"elementor-post__text\">\n\t\t\t\t<h3 class=\"elementor-post__title\">\n\t\t\t<a href=\"https:\/\/packwind.com.br\/index.php\/2023\/02\/27\/beneficios-da-energia-solar-para-a-sociedade\/\" >\n\t\t\t\t<strong>Benef\u00edcios da energia solar para a sociedade<\/strong>\t\t\t<\/a>\n\t\t<\/h3>\n\t\t\t\t<div class=\"elementor-post__excerpt\">\n\t\t\t<p>A energia solar \u00e9 uma fonte de energia limpa e renov\u00e1vel que tem o potencial de revolucionar a maneira como a sociedade produz e consome<\/p>\n\t\t<\/div>\n\t\t\n\t\t<a class=\"elementor-post__read-more\" href=\"https:\/\/packwind.com.br\/index.php\/2023\/02\/27\/beneficios-da-energia-solar-para-a-sociedade\/\" >\n\t\t\tContinue lendo \u00bb\t\t<\/a>\n\n\t\t\t\t<\/div>\n\t\t\t\t<div class=\"elementor-post__meta-data\">\n\t\t\t\t\t<span class=\"elementor-post-date\">\n\t\t\tfevereiro 27, 2023\t\t<\/span>\n\t\t\t\t<span class=\"elementor-post-avatar\">\n\t\t\tNenhum coment\u00e1rio\t\t<\/span>\n\t\t\t\t<\/div>\n\t\t\t\t\t<\/div>\n\t\t<\/article>\n\t\t\t\t<article class=\"elementor-post elementor-grid-item post-458 post type-post status-publish format-standard has-post-thumbnail hentry category-energia-renovavel\">\n\t\t\t<div class=\"elementor-post__card\">\n\t\t\t\t<a class=\"elementor-post__thumbnail__link\" href=\"https:\/\/packwind.com.br\/index.php\/2023\/02\/27\/vantagem-da-energia-renovavel\/\" ><div class=\"elementor-post__thumbnail\"><img loading=\"lazy\" decoding=\"async\" width=\"800\" height=\"534\" src=\"https:\/\/packwind.com.br\/wp-content\/uploads\/2023\/02\/Texto-1-15-02-2023-2-1024x683.jpg\" class=\"attachment-large size-large\" alt=\"\" srcset=\"https:\/\/packwind.com.br\/wp-content\/uploads\/2023\/02\/Texto-1-15-02-2023-2-1024x683.jpg 1024w, https:\/\/packwind.com.br\/wp-content\/uploads\/2023\/02\/Texto-1-15-02-2023-2-300x200.jpg 300w, https:\/\/packwind.com.br\/wp-content\/uploads\/2023\/02\/Texto-1-15-02-2023-2-768x512.jpg 768w, https:\/\/packwind.com.br\/wp-content\/uploads\/2023\/02\/Texto-1-15-02-2023-2-1536x1024.jpg 1536w, https:\/\/packwind.com.br\/wp-content\/uploads\/2023\/02\/Texto-1-15-02-2023-2-2048x1365.jpg 2048w\" sizes=\"auto, (max-width: 800px) 100vw, 800px\" \/><\/div><\/a>\n\t\t\t\t<div class=\"elementor-post__badge\">Energia Renov\u00e1vel<\/div>\n\t\t\t\t<div class=\"elementor-post__avatar\">\n\t\t\t<img alt='packwind' src='https:\/\/secure.gravatar.com\/avatar\/349cd49d30a9b452869da4bd804e815ba64815ba2f546a0ab4a2fe4c38406b83?s=128&#038;d=mm&#038;r=g' srcset='https:\/\/secure.gravatar.com\/avatar\/349cd49d30a9b452869da4bd804e815ba64815ba2f546a0ab4a2fe4c38406b83?s=256&#038;d=mm&#038;r=g 2x' class='avatar avatar-128 photo' height='128' width='128' \/>\t\t<\/div>\n\t\t\t\t<div class=\"elementor-post__text\">\n\t\t\t\t<h3 class=\"elementor-post__title\">\n\t\t\t<a href=\"https:\/\/packwind.com.br\/index.php\/2023\/02\/27\/vantagem-da-energia-renovavel\/\" >\n\t\t\t\t<strong>Vantagem da energia renov\u00e1vel<\/strong>\t\t\t<\/a>\n\t\t<\/h3>\n\t\t\t\t<div class=\"elementor-post__excerpt\">\n\t\t\t<p>A energia renov\u00e1vel \u00e9 aquela obtida a partir de fontes naturais que se regeneram de forma constante e sustent\u00e1vel, como a energia solar, e\u00f3lica, hidr\u00e1ulica,<\/p>\n\t\t<\/div>\n\t\t\n\t\t<a class=\"elementor-post__read-more\" href=\"https:\/\/packwind.com.br\/index.php\/2023\/02\/27\/vantagem-da-energia-renovavel\/\" >\n\t\t\tContinue lendo \u00bb\t\t<\/a>\n\n\t\t\t\t<\/div>\n\t\t\t\t<div class=\"elementor-post__meta-data\">\n\t\t\t\t\t<span class=\"elementor-post-date\">\n\t\t\tfevereiro 27, 2023\t\t<\/span>\n\t\t\t\t<span class=\"elementor-post-avatar\">\n\t\t\tNenhum coment\u00e1rio\t\t<\/span>\n\t\t\t\t<\/div>\n\t\t\t\t\t<\/div>\n\t\t<\/article>\n\t\t\t\t<\/div>\n\n\n\t\t\n\t\t\t\t<\/div>\n\t\t\t\t<\/div>\n\t\t\t\t\t<\/div>\n\t\t<\/div>\n\t\t\t\t\t\t\t<\/div>\n\t\t<\/section>\n\t\t\t\t\t\t\t<\/div>\n\t\t","protected":false},"excerpt":{"rendered":"","protected":false},"author":1,"featured_media":0,"parent":0,"menu_order":0,"comment_status":"closed","ping_status":"closed","template":"elementor_header_footer","meta":{"footnotes":""},"class_list":["post-267","page","type-page","status-publish","hentry"],"acf":[],"_links":{"self":[{"href":"https:\/\/packwind.com.br\/index.php\/wp-json\/wp\/v2\/pages\/267","targetHints":{"allow":["GET"]}}],"collection":[{"href":"https:\/\/packwind.com.br\/index.php\/wp-json\/wp\/v2\/pages"}],"about":[{"href":"https:\/\/packwind.com.br\/index.php\/wp-json\/wp\/v2\/types\/page"}],"author":[{"embeddable":true,"href":"https:\/\/packwind.com.br\/index.php\/wp-json\/wp\/v2\/users\/1"}],"replies":[{"embeddable":true,"href":"https:\/\/packwind.com.br\/index.php\/wp-json\/wp\/v2\/comments?post=267"}],"version-history":[{"count":0,"href":"https:\/\/packwind.com.br\/index.php\/wp-json\/wp\/v2\/pages\/267\/revisions"}],"wp:attachment":[{"href":"https:\/\/packwind.com.br\/index.php\/wp-json\/wp\/v2\/media?parent=267"}],"curies":[{"name":"wp","href":"https:\/\/api.w.org\/{rel}","templated":true}]}}